{"id":206,"date":"2024-07-22T16:38:48","date_gmt":"2024-07-22T16:38:48","guid":{"rendered":"https:\/\/lactanciaerotica.com\/?page_id=206"},"modified":"2024-07-24T15:53:23","modified_gmt":"2024-07-24T15:53:23","slug":"lactancia-erotica-lactofilia-en-madrid","status":"publish","type":"page","link":"https:\/\/lactanciaerotica.com\/","title":{"rendered":"Lactancia Er\u00f3tica o lactancia para Adultos en Madrid. Lactofilia."},"content":{"rendered":"<div class=\"wp-block-image\">\n<figure class=\"aligncenter size-full\"><img loading=\"lazy\" decoding=\"async\" width=\"736\" height=\"404\" src=\"https:\/\/lactanciaerotica.com\/wp-content\/uploads\/2024\/07\/me-myself-irene.jpg\" alt=\"Lactancia Er\u00f3tica en Madrid.\" class=\"wp-image-208\" srcset=\"https:\/\/lactanciaerotica.com\/wp-content\/uploads\/2024\/07\/me-myself-irene.jpg 736w, https:\/\/lactanciaerotica.com\/wp-content\/uploads\/2024\/07\/me-myself-irene-300x165.jpg 300w\" sizes=\"auto, (max-width: 736px) 100vw, 736px\" \/><\/figure>\n<\/div>\n\n\n<p>Bienvenido\/a a nuestra p\u00e1gina web donde compartimos la afici\u00f3n de la Lactancia Er\u00f3tica o lactancia para Adultos en Madrid. Lactofilia. . Puedes ver m\u00e1s informaci\u00f3n sobre lo que es Lactancia Er\u00f3tica o lactancia para Adultos en Madrid. Lactofilia. PINCHA en este enlace . <a data-type=\"page\" data-id=\"61\" href=\"https:\/\/lactanciaerotica.com\/?page_id=61\">p\u00e1gina.<\/a><\/p>\n\n\n\n<h2 class=\"wp-block-heading\">\u00bfQui\u00e9nes somos y que hacemos y que ofrecemos ?<\/h2>\n\n\n\n<p>Esta p\u00e1gina web de Lactancia Er\u00f3tica o lactancia para Adultos en Madrid. Lactofilia. est\u00e1 destinada a informar sobre la lactancia Er\u00f3tica en Madrid y a poner personas en contacto que deseen hacer esta pr\u00e1ctica. Nosotros no somos una agencia de prostituci\u00f3n ni la fomentamos , lo \u00fanico es que ponemos a personas que deseen mamar leche materna directamente de un pecho , ponerles en contacto .<\/p>\n\n\n\n<p>Cada Nodriza o mujer lactante en Madrid que se ha puesto en contacto con nosotros  le pasamos nuestro base de datos de se\u00f1ores que desean Lactancia Er\u00f3tica en Madrid .Ella contacta ya directamente.<\/p>\n\n\n\n<h2 class=\"wp-block-heading\">Las nodrizas o mujeres lactantes en Madrid , \u00bf ganan dinero ?<\/h2>\n\n\n\n<p>Si . Cada mujer nodriza o lactante en Madrid cobra por sesi\u00f3n de lactancia . El precio lo fija ella directamente y la p\u00e1gina no cobra ning\u00fan porcentaje ni similar .<\/p>\n\n\n\n<h2 class=\"wp-block-heading\"><strong>Quiero ser mujer lactante Lactancia Er\u00f3tica o lactancia para Adultos en Madrid. Lactofilia. \u00bf que debo hacer ?<\/strong><\/h2>\n\n\n\n<p>Pues es sencillo . Mira esta p\u00e1gina (<a href=\"https:\/\/lactanciaerotica.com\/?page_id=213\" data-type=\"page\" data-id=\"213\"> pincha aqu\u00ed<\/a> ) y te informamos . Puedes ganar bastante dinero . Solo aceptamos nodrizas en Madrid .<\/p>\n\n\n\n<h2 class=\"wp-block-heading\"> \u00bf<strong>Es seguro ser mujer lactante en Madrid?<\/strong><\/h2>\n\n\n\n<p>Totalmente seguro .Lactancia Er\u00f3tica o lactancia para Adultos en Madrid. Lactofilia. Nosotros te ponemos en contacto con hombres que desean lactancia Er\u00f3tica en Madrid . Estos hombres nos escriben discretamente por whatsapp. Nosotros te proporcionamos los n\u00fameros de tlf de ellos y tu les escribes directamente cuando puedas siempre por whatsapp y de forma discreta ( te daremos instrucciones de como contactar ) .La p\u00e1gina lactanciaerotica.com ha pasado antes filtros para saber que realmente estos hombres son gente seria y responsable y que van a pagar por el servicio de lactancia Er\u00f3tica en Madrid .<\/p>\n\n\n\n<h2 class=\"wp-block-heading\"><strong>\u00bfEl tama\u00f1o de mi pecho importa para la Lactancia Er\u00f3tica o lactancia para Adultos en Madrid. Lactofilia. ?<\/strong><\/h2>\n\n\n\n<p>No . Lo importante es que cuando tu quedes con un cliente tengas suficiente leche materna para dar de Mamar . Te damos consejos <a href=\"https:\/\/lactanciaerotica.com\/?page_id=176\" data-type=\"link\" data-id=\"https:\/\/lactanciaerotica.com\/?page_id=176\">AQUI<\/a> para saber como aumentar la producci\u00f3n de leche materna.<\/p>\n\n\n\n<figure class=\"wp-block-image size-large is-resized\"><img loading=\"lazy\" decoding=\"async\" width=\"1024\" height=\"539\" src=\"https:\/\/lactanciaerotica.com\/wp-content\/uploads\/2024\/07\/nude-porn-suck-milk-2-1-1024x539.jpg\" alt=\"Ser mujer lactante para adultos \" class=\"wp-image-250\" style=\"width:581px;height:auto\" srcset=\"https:\/\/lactanciaerotica.com\/wp-content\/uploads\/2024\/07\/nude-porn-suck-milk-2-1-1024x539.jpg 1024w, https:\/\/lactanciaerotica.com\/wp-content\/uploads\/2024\/07\/nude-porn-suck-milk-2-1-300x158.jpg 300w, https:\/\/lactanciaerotica.com\/wp-content\/uploads\/2024\/07\/nude-porn-suck-milk-2-1-768x404.jpg 768w, https:\/\/lactanciaerotica.com\/wp-content\/uploads\/2024\/07\/nude-porn-suck-milk-2-1.jpg 1280w\" sizes=\"auto, (max-width: 1024px) 100vw, 1024px\" \/><\/figure>\n\n\n\n<p><\/p>\n\n\n\n<h2 class=\"wp-block-heading\"><strong>\u00bfEs seguro dar de mamar a mi hijo si soy Nodriza Er\u00f3tica en Madrid ?<\/strong><\/h2>\n\n\n\n<p>Si . 100 %. No puedes contraer ninguna ETS por dar de mamar a un adulto. Adem\u00e1s el que des de mamar a adultos en Madrid te proporcionara una estimulaci\u00f3n de tu pecho y aumentar\u00e1 la producci\u00f3n de leche materna para tu bebe. <\/p>\n\n\n\n<p>Si quieres consejos para aumentar la producci\u00f3n de leche materna mira esta <a href=\"https:\/\/www.tuasaude.com\/es\/como-producir-mas-leche-materna\/\">WEB<\/a><\/p>\n\n\n\n<p><\/p>\n","protected":false},"excerpt":{"rendered":"<p>Bienvenido\/a a nuestra p\u00e1gina web donde compartimos la afici\u00f3n de la Lactancia Er\u00f3tica o lactancia para Adultos en Madrid. Lactofilia. . Puedes ver m\u00e1s informaci\u00f3n&#8230;<\/p>\n<div class=\"more-link-wrapper\"><a class=\"more-link\" href=\"https:\/\/lactanciaerotica.com\/\">Seguir leyendo<span class=\"screen-reader-text\">Lactancia Er\u00f3tica o lactancia para Adultos en Madrid. Lactofilia.<\/span><\/a><\/div>\n","protected":false},"author":1,"featured_media":0,"parent":0,"menu_order":0,"comment_status":"closed","ping_status":"closed","template":"","meta":{"footnotes":""},"class_list":["post-206","page","type-page","status-publish","hentry","entry"],"yoast_head":"<!-- This site is optimized with the Yoast SEO plugin v23.1 - https:\/\/yoast.com\/wordpress\/plugins\/seo\/ -->\n<title>Lactancia Er\u00f3tica o lactancia para Adultos en Madrid. Lactofilia. - lactanciaerotica<\/title>\n<meta name=\"description\" content=\"Web sobre lactancia er\u00f3tica o lactancia para adultos o lactofilia en Madrid. Si quieres ser mujer lactante para adultos inf\u00f3rmate aqu\u00ed.\" \/>\n<meta name=\"robots\" content=\"index, follow, max-snippet:-1, max-image-preview:large, max-video-preview:-1\" \/>\n<link rel=\"canonical\" href=\"https:\/\/lactanciaerotica.com\/\" \/>\n<meta property=\"og:locale\" content=\"es_ES\" \/>\n<meta property=\"og:type\" content=\"article\" \/>\n<meta property=\"og:title\" content=\"Lactancia Er\u00f3tica o lactancia para Adultos en Madrid. Lactofilia. - lactanciaerotica\" \/>\n<meta property=\"og:description\" content=\"Web sobre lactancia er\u00f3tica o lactancia para adultos o lactofilia en Madrid. Si quieres ser mujer lactante para adultos inf\u00f3rmate aqu\u00ed.\" \/>\n<meta property=\"og:url\" content=\"https:\/\/lactanciaerotica.com\/\" \/>\n<meta property=\"og:site_name\" content=\"lactanciaerotica\" \/>\n<meta property=\"article:modified_time\" content=\"2024-07-24T15:53:23+00:00\" \/>\n<meta property=\"og:image\" content=\"https:\/\/lactanciaerotica.com\/wp-content\/uploads\/2024\/07\/me-myself-irene.jpg\" \/>\n<meta name=\"twitter:card\" content=\"summary_large_image\" \/>\n<meta name=\"twitter:label1\" content=\"Tiempo de lectura\" \/>\n\t<meta name=\"twitter:data1\" content=\"3 minutos\" \/>\n<script type=\"application\/ld+json\" class=\"yoast-schema-graph\">{\"@context\":\"https:\/\/schema.org\",\"@graph\":[{\"@type\":\"WebPage\",\"@id\":\"https:\/\/lactanciaerotica.com\/\",\"url\":\"https:\/\/lactanciaerotica.com\/\",\"name\":\"Lactancia Er\u00f3tica o lactancia para Adultos en Madrid. Lactofilia. - lactanciaerotica\",\"isPartOf\":{\"@id\":\"https:\/\/lactanciaerotica.com\/#website\"},\"primaryImageOfPage\":{\"@id\":\"https:\/\/lactanciaerotica.com\/#primaryimage\"},\"image\":{\"@id\":\"https:\/\/lactanciaerotica.com\/#primaryimage\"},\"thumbnailUrl\":\"https:\/\/lactanciaerotica.com\/wp-content\/uploads\/2024\/07\/me-myself-irene.jpg\",\"datePublished\":\"2024-07-22T16:38:48+00:00\",\"dateModified\":\"2024-07-24T15:53:23+00:00\",\"description\":\"Web sobre lactancia er\u00f3tica o lactancia para adultos o lactofilia en Madrid. Si quieres ser mujer lactante para adultos inf\u00f3rmate aqu\u00ed.\",\"breadcrumb\":{\"@id\":\"https:\/\/lactanciaerotica.com\/#breadcrumb\"},\"inLanguage\":\"es\",\"potentialAction\":[{\"@type\":\"ReadAction\",\"target\":[\"https:\/\/lactanciaerotica.com\/\"]}]},{\"@type\":\"ImageObject\",\"inLanguage\":\"es\",\"@id\":\"https:\/\/lactanciaerotica.com\/#primaryimage\",\"url\":\"https:\/\/lactanciaerotica.com\/wp-content\/uploads\/2024\/07\/me-myself-irene.jpg\",\"contentUrl\":\"https:\/\/lactanciaerotica.com\/wp-content\/uploads\/2024\/07\/me-myself-irene.jpg\",\"width\":736,\"height\":404},{\"@type\":\"BreadcrumbList\",\"@id\":\"https:\/\/lactanciaerotica.com\/#breadcrumb\",\"itemListElement\":[{\"@type\":\"ListItem\",\"position\":1,\"name\":\"Portada\",\"item\":\"https:\/\/lactanciaerotica.com\/\"},{\"@type\":\"ListItem\",\"position\":2,\"name\":\"Lactancia Er\u00f3tica o lactancia para Adultos en Madrid. Lactofilia.\"}]},{\"@type\":\"WebSite\",\"@id\":\"https:\/\/lactanciaerotica.com\/#website\",\"url\":\"https:\/\/lactanciaerotica.com\/\",\"name\":\"Lactancia er\u00f3tica.\",\"description\":\"Sitio de Mujeres lactantes Eroticas para adultos en Madrid.\",\"alternateName\":\"lactancia Erotica para adultos\",\"potentialAction\":[{\"@type\":\"SearchAction\",\"target\":{\"@type\":\"EntryPoint\",\"urlTemplate\":\"https:\/\/lactanciaerotica.com\/?s={search_term_string}\"},\"query-input\":\"required name=search_term_string\"}],\"inLanguage\":\"es\"}]}<\/script>\n<!-- \/ Yoast SEO plugin. -->","yoast_head_json":{"title":"Lactancia Er\u00f3tica o lactancia para Adultos en Madrid. Lactofilia. - lactanciaerotica","description":"Web sobre lactancia er\u00f3tica o lactancia para adultos o lactofilia en Madrid. Si quieres ser mujer lactante para adultos inf\u00f3rmate aqu\u00ed.","robots":{"index":"index","follow":"follow","max-snippet":"max-snippet:-1","max-image-preview":"max-image-preview:large","max-video-preview":"max-video-preview:-1"},"canonical":"https:\/\/lactanciaerotica.com\/","og_locale":"es_ES","og_type":"article","og_title":"Lactancia Er\u00f3tica o lactancia para Adultos en Madrid. Lactofilia. - lactanciaerotica","og_description":"Web sobre lactancia er\u00f3tica o lactancia para adultos o lactofilia en Madrid. Si quieres ser mujer lactante para adultos inf\u00f3rmate aqu\u00ed.","og_url":"https:\/\/lactanciaerotica.com\/","og_site_name":"lactanciaerotica","article_modified_time":"2024-07-24T15:53:23+00:00","og_image":[{"url":"https:\/\/lactanciaerotica.com\/wp-content\/uploads\/2024\/07\/me-myself-irene.jpg"}],"twitter_card":"summary_large_image","twitter_misc":{"Tiempo de lectura":"3 minutos"},"schema":{"@context":"https:\/\/schema.org","@graph":[{"@type":"WebPage","@id":"https:\/\/lactanciaerotica.com\/","url":"https:\/\/lactanciaerotica.com\/","name":"Lactancia Er\u00f3tica o lactancia para Adultos en Madrid. Lactofilia. - lactanciaerotica","isPartOf":{"@id":"https:\/\/lactanciaerotica.com\/#website"},"primaryImageOfPage":{"@id":"https:\/\/lactanciaerotica.com\/#primaryimage"},"image":{"@id":"https:\/\/lactanciaerotica.com\/#primaryimage"},"thumbnailUrl":"https:\/\/lactanciaerotica.com\/wp-content\/uploads\/2024\/07\/me-myself-irene.jpg","datePublished":"2024-07-22T16:38:48+00:00","dateModified":"2024-07-24T15:53:23+00:00","description":"Web sobre lactancia er\u00f3tica o lactancia para adultos o lactofilia en Madrid. Si quieres ser mujer lactante para adultos inf\u00f3rmate aqu\u00ed.","breadcrumb":{"@id":"https:\/\/lactanciaerotica.com\/#breadcrumb"},"inLanguage":"es","potentialAction":[{"@type":"ReadAction","target":["https:\/\/lactanciaerotica.com\/"]}]},{"@type":"ImageObject","inLanguage":"es","@id":"https:\/\/lactanciaerotica.com\/#primaryimage","url":"https:\/\/lactanciaerotica.com\/wp-content\/uploads\/2024\/07\/me-myself-irene.jpg","contentUrl":"https:\/\/lactanciaerotica.com\/wp-content\/uploads\/2024\/07\/me-myself-irene.jpg","width":736,"height":404},{"@type":"BreadcrumbList","@id":"https:\/\/lactanciaerotica.com\/#breadcrumb","itemListElement":[{"@type":"ListItem","position":1,"name":"Portada","item":"https:\/\/lactanciaerotica.com\/"},{"@type":"ListItem","position":2,"name":"Lactancia Er\u00f3tica o lactancia para Adultos en Madrid. Lactofilia."}]},{"@type":"WebSite","@id":"https:\/\/lactanciaerotica.com\/#website","url":"https:\/\/lactanciaerotica.com\/","name":"Lactancia er\u00f3tica.","description":"Sitio de Mujeres lactantes Eroticas para adultos en Madrid.","alternateName":"lactancia Erotica para adultos","potentialAction":[{"@type":"SearchAction","target":{"@type":"EntryPoint","urlTemplate":"https:\/\/lactanciaerotica.com\/?s={search_term_string}"},"query-input":"required name=search_term_string"}],"inLanguage":"es"}]}},"_links":{"self":[{"href":"https:\/\/lactanciaerotica.com\/index.php?rest_route=\/wp\/v2\/pages\/206","targetHints":{"allow":["GET"]}}],"collection":[{"href":"https:\/\/lactanciaerotica.com\/index.php?rest_route=\/wp\/v2\/pages"}],"about":[{"href":"https:\/\/lactanciaerotica.com\/index.php?rest_route=\/wp\/v2\/types\/page"}],"author":[{"embeddable":true,"href":"https:\/\/lactanciaerotica.com\/index.php?rest_route=\/wp\/v2\/users\/1"}],"replies":[{"embeddable":true,"href":"https:\/\/lactanciaerotica.com\/index.php?rest_route=%2Fwp%2Fv2%2Fcomments&post=206"}],"version-history":[{"count":7,"href":"https:\/\/lactanciaerotica.com\/index.php?rest_route=\/wp\/v2\/pages\/206\/revisions"}],"predecessor-version":[{"id":254,"href":"https:\/\/lactanciaerotica.com\/index.php?rest_route=\/wp\/v2\/pages\/206\/revisions\/254"}],"wp:attachment":[{"href":"https:\/\/lactanciaerotica.com\/index.php?rest_route=%2Fwp%2Fv2%2Fmedia&parent=206"}],"curies":[{"name":"wp","href":"https:\/\/api.w.org\/{rel}","templated":true}]}}